{"id":471,"date":"2024-11-15T11:54:09","date_gmt":"2024-11-15T11:54:09","guid":{"rendered":"https:\/\/www.mokamed.pl\/aplikacja\/"},"modified":"2025-10-15T14:11:09","modified_gmt":"2025-10-15T14:11:09","slug":"application","status":"publish","type":"page","link":"https:\/\/www.mokamed.pl\/en\/application\/","title":{"rendered":"EN Aplikacja"},"content":{"rendered":"\t\t<div data-elementor-type=\"wp-page\" data-elementor-id=\"471\" class=\"elementor elementor-471 elementor-211\" data-elementor-post-type=\"page\">\n\t\t\t\t<div class=\"elementor-element elementor-element-c22a11e e-con-full e-flex e-con e-parent\" data-id=\"c22a11e\" data-element_type=\"container\" data-e-type=\"container\" data-settings=\"{&quot;background_background&quot;:&quot;classic&quot;}\">\n\t\t<div class=\"elementor-element elementor-element-1c99c6a e-con-full e-flex e-con e-child\" data-id=\"1c99c6a\" data-element_type=\"container\" data-e-type=\"container\">\n\t\t<div class=\"elementor-element elementor-element-eaae2c6 e-con-full e-flex e-con e-child\" data-id=\"eaae2c6\" data-element_type=\"container\" data-e-type=\"container\">\n\t\t\t\t<div class=\"elementor-element elementor-element-61bf852 elementor-widget elementor-widget-heading\" data-id=\"61bf852\" data-element_type=\"widget\" data-e-type=\"widget\" data-widget_type=\"heading.default\">\n\t\t\t\t\t<h1 class=\"elementor-heading-title elementor-size-default\">What is  <span class=\"napis-turkus\">moka?<\/span><\/h1>\t\t\t\t<\/div>\n\t\t\t\t<div class=\"elementor-element elementor-element-1855292 elementor-widget-laptop__width-initial elementor-widget elementor-widget-text-editor\" data-id=\"1855292\" data-element_type=\"widget\" data-e-type=\"widget\" data-widget_type=\"text-editor.default\">\n\t\t\t\t\t\t\t\t\t<p>The moka system \u2013 Movement Kinematic Analysis \u2013 consists of a user application and a set of sensors used to collect measurement data. It is a helpful tool for diagnosis and monitoring the effects of therapy.<\/p><p>The moka application enables the analysis of collected data and the implementation of physiotherapy prevention tasks by conducting tests in a stationary mode or outside the office.<\/p>\t\t\t\t\t\t\t\t<\/div>\n\t\t\t\t<\/div>\n\t\t<div class=\"elementor-element elementor-element-54505a5 e-con-full e-flex e-con e-child\" data-id=\"54505a5\" data-element_type=\"container\" data-e-type=\"container\">\n\t\t\t\t<div class=\"elementor-element elementor-element-bc81cbe elementor-widget elementor-widget-image\" data-id=\"bc81cbe\" data-element_type=\"widget\" data-e-type=\"widget\" data-widget_type=\"image.default\">\n\t\t\t\t\t\t\t\t\t\t\t\t\t\t\t<img fetchpriority=\"high\" decoding=\"async\" width=\"648\" height=\"563\" src=\"https:\/\/www.mokamed.pl\/wp-content\/uploads\/2024\/11\/czym-jest-moka-1.jpg\" class=\"attachment-large size-large wp-image-502\" alt=\"U\u015bmiechni\u0119ta kobieta w sportowym stroju i r\u0119cznikiem na szyi korzysta z tabletu.\" srcset=\"https:\/\/www.mokamed.pl\/wp-content\/uploads\/2024\/11\/czym-jest-moka-1.jpg 648w, https:\/\/www.mokamed.pl\/wp-content\/uploads\/2024\/11\/czym-jest-moka-1-300x261.jpg 300w\" sizes=\"(max-width: 648px) 100vw, 648px\" \/>\t\t\t\t\t\t\t\t\t\t\t\t\t\t\t<\/div>\n\t\t\t\t<\/div>\n\t\t\t\t<\/div>\n\t\t\t\t<\/div>\n\t\t<div class=\"elementor-element elementor-element-97cfc04 e-flex e-con-boxed e-con e-parent\" data-id=\"97cfc04\" data-element_type=\"container\" data-e-type=\"container\" data-settings=\"{&quot;background_background&quot;:&quot;classic&quot;}\">\n\t\t\t\t\t<div class=\"e-con-inner\">\n\t\t\t\t<div class=\"elementor-element elementor-element-9eb3bcf elementor-widget__width-initial elementor-widget-mobile__width-inherit elementor-widget elementor-widget-text-editor\" data-id=\"9eb3bcf\" data-element_type=\"widget\" data-e-type=\"widget\" data-widget_type=\"text-editor.default\">\n\t\t\t\t\t\t\t\t\t<p><strong><span style=\"color: #04d9c4;\">MOKA is not a medical device that is currently undergoing certification.<\/span><\/strong><\/p>\t\t\t\t\t\t\t\t<\/div>\n\t\t\t\t\t<\/div>\n\t\t\t\t<\/div>\n\t\t<div class=\"elementor-element elementor-element-10e6114 e-con-full e-flex e-con e-parent\" data-id=\"10e6114\" data-element_type=\"container\" data-e-type=\"container\">\n\t\t<div class=\"elementor-element elementor-element-c81427a e-con-full e-flex e-con e-child\" data-id=\"c81427a\" data-element_type=\"container\" data-e-type=\"container\">\n\t\t\t\t<div class=\"elementor-element elementor-element-89aecca elementor-widget elementor-widget-heading\" data-id=\"89aecca\" data-element_type=\"widget\" data-e-type=\"widget\" data-widget_type=\"heading.default\">\n\t\t\t\t\t<h2 class=\"elementor-heading-title elementor-size-default\">The main objective of the moka system is to create technical conditions enabling:<\/h2>\t\t\t\t<\/div>\n\t\t\t\t<div class=\"elementor-element elementor-element-5058b62 elementor-hidden-mobile elementor-widget elementor-widget-image\" data-id=\"5058b62\" data-element_type=\"widget\" data-e-type=\"widget\" data-widget_type=\"image.default\">\n\t\t\t\t\t\t\t\t\t\t\t\t\t\t\t<img decoding=\"async\" width=\"800\" height=\"553\" src=\"https:\/\/www.mokamed.pl\/wp-content\/uploads\/2024\/11\/fizjoterapia-2-1024x708.webp\" class=\"attachment-large size-large wp-image-505\" alt=\"Fizjoterapeutka w szarym uniformie pomaga u\u015bmiechni\u0119tej pacjentce w \u0107wiczeniach z du\u017c\u0105 pi\u0142k\u0105 rehabilitacyjn\u0105 w jasnej sali do \u0107wicze\u0144. Pacjentka le\u017cy na plecach na macie, trzymaj\u0105c pi\u0142k\u0119 nogami, a fizjoterapeutka pochyla si\u0119 nad ni\u0105, udzielaj\u0105c wskaz\u00f3wek.\" srcset=\"https:\/\/www.mokamed.pl\/wp-content\/uploads\/2024\/11\/fizjoterapia-2-1024x708.webp 1024w, https:\/\/www.mokamed.pl\/wp-content\/uploads\/2024\/11\/fizjoterapia-2-300x208.webp 300w, https:\/\/www.mokamed.pl\/wp-content\/uploads\/2024\/11\/fizjoterapia-2-768x531.webp 768w, https:\/\/www.mokamed.pl\/wp-content\/uploads\/2024\/11\/fizjoterapia-2-1536x1062.webp 1536w, https:\/\/www.mokamed.pl\/wp-content\/uploads\/2024\/11\/fizjoterapia-2.webp 1852w\" sizes=\"(max-width: 800px) 100vw, 800px\" \/>\t\t\t\t\t\t\t\t\t\t\t\t\t\t\t<\/div>\n\t\t\t\t<\/div>\n\t\t<div class=\"elementor-element elementor-element-afdaf0e e-con-full e-flex e-con e-child\" data-id=\"afdaf0e\" data-element_type=\"container\" data-e-type=\"container\">\n\t\t\t\t<div class=\"elementor-element elementor-element-6367f53 elementor-icon-list--layout-traditional elementor-list-item-link-full_width elementor-widget elementor-widget-icon-list\" data-id=\"6367f53\" data-element_type=\"widget\" data-e-type=\"widget\" data-widget_type=\"icon-list.default\">\n\t\t\t\t\t\t\t<ul class=\"elementor-icon-list-items\">\n\t\t\t\t\t\t\t<li class=\"elementor-icon-list-item\">\n\t\t\t\t\t\t\t\t\t\t\t<span class=\"elementor-icon-list-icon\">\n\t\t\t\t\t\t\t<svg aria-hidden=\"true\" class=\"e-font-icon-svg e-fas-circle\" viewBox=\"0 0 512 512\" xmlns=\"http:\/\/www.w3.org\/2000\/svg\"><path d=\"M256 8C119 8 8 119 8 256s111 248 248 248 248-111 248-248S393 8 256 8z\"><\/path><\/svg>\t\t\t\t\t\t<\/span>\n\t\t\t\t\t\t\t\t\t\t<span class=\"elementor-icon-list-text\">Support for diagnosing motor organ parameters and patient dysfunctions in and outside the office<\/span>\n\t\t\t\t\t\t\t\t\t<\/li>\n\t\t\t\t\t\t\t\t<li class=\"elementor-icon-list-item\">\n\t\t\t\t\t\t\t\t\t\t\t<span class=\"elementor-icon-list-icon\">\n\t\t\t\t\t\t\t<svg aria-hidden=\"true\" class=\"e-font-icon-svg e-fas-circle\" viewBox=\"0 0 512 512\" xmlns=\"http:\/\/www.w3.org\/2000\/svg\"><path d=\"M256 8C119 8 8 119 8 256s111 248 248 248 248-111 248-248S393 8 256 8z\"><\/path><\/svg>\t\t\t\t\t\t<\/span>\n\t\t\t\t\t\t\t\t\t\t<span class=\"elementor-icon-list-text\">Remote supervision and monitoring of the regularity and correctness of rehabilitation exercises performed by the patient <\/span>\n\t\t\t\t\t\t\t\t\t<\/li>\n\t\t\t\t\t\t\t\t<li class=\"elementor-icon-list-item\">\n\t\t\t\t\t\t\t\t\t\t\t<span class=\"elementor-icon-list-icon\">\n\t\t\t\t\t\t\t<svg aria-hidden=\"true\" class=\"e-font-icon-svg e-fas-circle\" viewBox=\"0 0 512 512\" xmlns=\"http:\/\/www.w3.org\/2000\/svg\"><path d=\"M256 8C119 8 8 119 8 256s111 248 248 248 248-111 248-248S393 8 256 8z\"><\/path><\/svg>\t\t\t\t\t\t<\/span>\n\t\t\t\t\t\t\t\t\t\t<span class=\"elementor-icon-list-text\">Bringing all possible rehabilitation activities closer to the patient<\/span>\n\t\t\t\t\t\t\t\t\t<\/li>\n\t\t\t\t\t\t\t\t<li class=\"elementor-icon-list-item\">\n\t\t\t\t\t\t\t\t\t\t\t<span class=\"elementor-icon-list-icon\">\n\t\t\t\t\t\t\t<svg aria-hidden=\"true\" class=\"e-font-icon-svg e-fas-circle\" viewBox=\"0 0 512 512\" xmlns=\"http:\/\/www.w3.org\/2000\/svg\"><path d=\"M256 8C119 8 8 119 8 256s111 248 248 248 248-111 248-248S393 8 256 8z\"><\/path><\/svg>\t\t\t\t\t\t<\/span>\n\t\t\t\t\t\t\t\t\t\t<span class=\"elementor-icon-list-text\">Assessment of the patient's treatment progress based on data collected online<\/span>\n\t\t\t\t\t\t\t\t\t<\/li>\n\t\t\t\t\t\t<\/ul>\n\t\t\t\t\t\t<\/div>\n\t\t\t\t<div class=\"elementor-element elementor-element-66d2135 elementor-widget elementor-widget-text-editor\" data-id=\"66d2135\" data-element_type=\"widget\" data-e-type=\"widget\" data-widget_type=\"text-editor.default\">\n\t\t\t\t\t\t\t\t\t<p><strong>Moka enables the analysis of collected data and the performance of tasks in the field of physiotherapy prevention. \u2028<\/strong><\/p><p><strong>The user has the option of conducting the examination in a stationary mode or outside the office.<\/strong><\/p>\t\t\t\t\t\t\t\t<\/div>\n\t\t\t\t<div class=\"elementor-element elementor-element-31bf1b2 elementor-hidden-desktop elementor-hidden-laptop elementor-hidden-tablet elementor-widget elementor-widget-image\" data-id=\"31bf1b2\" data-element_type=\"widget\" data-e-type=\"widget\" data-widget_type=\"image.default\">\n\t\t\t\t\t\t\t\t\t\t\t\t\t\t\t<img decoding=\"async\" width=\"800\" height=\"553\" src=\"https:\/\/www.mokamed.pl\/wp-content\/uploads\/2024\/11\/fizjoterapia-2-1024x708.webp\" class=\"attachment-large size-large wp-image-505\" alt=\"Fizjoterapeutka w szarym uniformie pomaga u\u015bmiechni\u0119tej pacjentce w \u0107wiczeniach z du\u017c\u0105 pi\u0142k\u0105 rehabilitacyjn\u0105 w jasnej sali do \u0107wicze\u0144. Pacjentka le\u017cy na plecach na macie, trzymaj\u0105c pi\u0142k\u0119 nogami, a fizjoterapeutka pochyla si\u0119 nad ni\u0105, udzielaj\u0105c wskaz\u00f3wek.\" srcset=\"https:\/\/www.mokamed.pl\/wp-content\/uploads\/2024\/11\/fizjoterapia-2-1024x708.webp 1024w, https:\/\/www.mokamed.pl\/wp-content\/uploads\/2024\/11\/fizjoterapia-2-300x208.webp 300w, https:\/\/www.mokamed.pl\/wp-content\/uploads\/2024\/11\/fizjoterapia-2-768x531.webp 768w, https:\/\/www.mokamed.pl\/wp-content\/uploads\/2024\/11\/fizjoterapia-2-1536x1062.webp 1536w, https:\/\/www.mokamed.pl\/wp-content\/uploads\/2024\/11\/fizjoterapia-2.webp 1852w\" sizes=\"(max-width: 800px) 100vw, 800px\" \/>\t\t\t\t\t\t\t\t\t\t\t\t\t\t\t<\/div>\n\t\t\t\t<\/div>\n\t\t\t\t<\/div>\n\t\t<div class=\"elementor-element elementor-element-c757be4 e-con-full e-flex e-con e-parent\" data-id=\"c757be4\" data-element_type=\"container\" data-e-type=\"container\">\n\t\t<div class=\"elementor-element elementor-element-96b4863 e-con-full e-flex e-con e-child\" data-id=\"96b4863\" data-element_type=\"container\" data-e-type=\"container\">\n\t\t\t\t<div class=\"elementor-element elementor-element-9dedb59 elementor-widget elementor-widget-heading\" data-id=\"9dedb59\" data-element_type=\"widget\" data-e-type=\"widget\" data-widget_type=\"heading.default\">\n\t\t\t\t\t<h2 class=\"elementor-heading-title elementor-size-default\">The Moka system consists of:\u202f <\/h2>\t\t\t\t<\/div>\n\t\t\t\t<div class=\"elementor-element elementor-element-90145f3 elementor-widget elementor-widget-text-editor\" data-id=\"90145f3\" data-element_type=\"widget\" data-e-type=\"widget\" data-widget_type=\"text-editor.default\">\n\t\t\t\t\t\t\t\t\t<ul><li>an application for the end user (doctor or physiotherapist) installed on a mobile device (tablet) used, among other things, to manage and treat patients, conduct examinations, analyze results, and prepare reports,\u202f<\/li><li>server software for data collection and processing, communicating with the mobile application via API,\u202f<\/li><li>a database server for storing basic patient information, collected measurement and calculation data, and reports; the storage of measurement data and analysis results is used for presentation and mutual comparison purposes in the Moka application during the course of diagnosis and treatment of the patient by a doctor or physiotherapist.<\/li><\/ul>\t\t\t\t\t\t\t\t<\/div>\n\t\t\t\t<\/div>\n\t\t<div class=\"elementor-element elementor-element-cd4d216 e-con-full e-flex e-con e-child\" data-id=\"cd4d216\" data-element_type=\"container\" data-e-type=\"container\">\n\t\t\t\t<div class=\"elementor-element elementor-element-3398982 elementor-widget elementor-widget-text-editor\" data-id=\"3398982\" data-element_type=\"widget\" data-e-type=\"widget\" data-widget_type=\"text-editor.default\">\n\t\t\t\t\t\t\t\t\t<p>In accordance with the intended use of the MOKA system, in order for it to function properly, the user must also use other elements of the system \u2013 products that are not medical devices:\u202f<\/p><ul><li><strong>IMU measurement sensors<\/strong> \u2013 Movella DOT (formerly Xsens DOT) or Telvis IMU sensors stored in a dedicated case used to simultaneously charge the sensors by physically connecting them to an external charger,<\/li><li><strong>a tablet<\/strong> with the Moka application installed,\u202f<\/li><li><strong>a universal charger<\/strong> (wired, equipped with USB-A or USB-C connectors, along with cables for charging devices),\u202f\u202f<\/li><li><strong>mounting tapes<\/strong> \u2013 flexible Velcro tapes attached directly to the patient&#8217;s body or clothing, enabling the mounting of IMU measurement sensors,\u202f<\/li><\/ul><p>and a medical device:\u202f<\/p><ul><li><strong>disposable patches<\/strong> for direct application to the patient&#8217;s skin (e.g., sacrum).\u202f<\/li><\/ul><p>The entire system is packed in a common outer packaging \u2013 a case.\u202f<\/p>\t\t\t\t\t\t\t\t<\/div>\n\t\t\t\t<\/div>\n\t\t\t\t<\/div>\n\t\t\t\t<\/div>\n\t\t","protected":false},"excerpt":{"rendered":"<p>What is moka? The moka system \u2013 Movement Kinematic Analysis \u2013 consists of a user application and a set of sensors used to collect measurement data. It is a helpful tool for diagnosis and monitoring the effects of therapy. The moka application enables the analysis of collected data and the implementation of physiotherapy prevention tasks [&hellip;]<\/p>\n","protected":false},"author":1,"featured_media":0,"parent":0,"menu_order":0,"comment_status":"closed","ping_status":"closed","template":"","meta":{"footnotes":""},"class_list":["post-471","page","type-page","status-publish","hentry"],"_links":{"self":[{"href":"https:\/\/www.mokamed.pl\/en\/wp-json\/wp\/v2\/pages\/471","targetHints":{"allow":["GET"]}}],"collection":[{"href":"https:\/\/www.mokamed.pl\/en\/wp-json\/wp\/v2\/pages"}],"about":[{"href":"https:\/\/www.mokamed.pl\/en\/wp-json\/wp\/v2\/types\/page"}],"author":[{"embeddable":true,"href":"https:\/\/www.mokamed.pl\/en\/wp-json\/wp\/v2\/users\/1"}],"replies":[{"embeddable":true,"href":"https:\/\/www.mokamed.pl\/en\/wp-json\/wp\/v2\/comments?post=471"}],"version-history":[{"count":0,"href":"https:\/\/www.mokamed.pl\/en\/wp-json\/wp\/v2\/pages\/471\/revisions"}],"wp:attachment":[{"href":"https:\/\/www.mokamed.pl\/en\/wp-json\/wp\/v2\/media?parent=471"}],"curies":[{"name":"wp","href":"https:\/\/api.w.org\/{rel}","templated":true}]}}