{"id":473,"date":"2024-11-15T11:54:42","date_gmt":"2024-11-15T11:54:42","guid":{"rendered":"https:\/\/www.mokamed.pl\/dla-kogo\/"},"modified":"2025-10-16T07:04:00","modified_gmt":"2025-10-16T07:04:00","slug":"for-whom","status":"publish","type":"page","link":"https:\/\/www.mokamed.pl\/en\/for-whom\/","title":{"rendered":"EN Dla kogo"},"content":{"rendered":"\t\t<div data-elementor-type=\"wp-page\" data-elementor-id=\"473\" class=\"elementor elementor-473 elementor-213\" data-elementor-post-type=\"page\">\n\t\t\t\t<div class=\"elementor-element elementor-element-0ec7f9c e-con-full e-flex e-con e-parent\" data-id=\"0ec7f9c\" data-element_type=\"container\" data-e-type=\"container\" data-settings=\"{&quot;background_background&quot;:&quot;classic&quot;}\">\n\t\t<div class=\"elementor-element elementor-element-dfbfccf e-con-full e-flex e-con e-child\" data-id=\"dfbfccf\" data-element_type=\"container\" data-e-type=\"container\">\n\t\t<div class=\"elementor-element elementor-element-ac20a8f e-con-full e-flex e-con e-child\" data-id=\"ac20a8f\" data-element_type=\"container\" data-e-type=\"container\">\n\t\t\t\t<div class=\"elementor-element elementor-element-f566470 elementor-widget elementor-widget-heading\" data-id=\"f566470\" data-element_type=\"widget\" data-e-type=\"widget\" data-widget_type=\"heading.default\">\n\t\t\t\t\t<h1 class=\"elementor-heading-title elementor-size-default\">For whom<\/h1>\t\t\t\t<\/div>\n\t\t\t\t<\/div>\n\t\t<div class=\"elementor-element elementor-element-c75d26a e-con-full elementor-hidden-tablet elementor-hidden-mobile e-flex e-con e-child\" data-id=\"c75d26a\" data-element_type=\"container\" data-e-type=\"container\">\n\t\t\t\t<\/div>\n\t\t\t\t<\/div>\n\t\t\t\t<\/div>\n\t\t<div class=\"elementor-element elementor-element-b43295f e-con-full e-flex e-con e-parent\" data-id=\"b43295f\" data-element_type=\"container\" data-e-type=\"container\">\n\t\t<div class=\"elementor-element elementor-element-cb149ce e-con-full e-flex e-con e-child\" data-id=\"cb149ce\" data-element_type=\"container\" data-e-type=\"container\">\n\t\t\t\t<div class=\"elementor-element elementor-element-042a5fc elementor-widget elementor-widget-text-editor\" data-id=\"042a5fc\" data-element_type=\"widget\" data-e-type=\"widget\" data-widget_type=\"text-editor.default\">\n\t\t\t\t\t\t\t\t\t<p>Thanks to its intuitive operation and simple design that does not require specialized rooms, Moka can be used not only in physiotherapy offices, hospitals, or specialized facilities, but also in primary care clinics.<\/p><p>This enables faster diagnosis of mobility problems and the initiation of appropriate therapy at an early stage, which helps to relieve the burden on the healthcare system, reduce treatment costs, and improve patients&#8217; quality of life.<\/p>\t\t\t\t\t\t\t\t<\/div>\n\t\t\t\t<\/div>\n\t\t<div class=\"elementor-element elementor-element-d923b24 e-con-full e-flex e-con e-child\" data-id=\"d923b24\" data-element_type=\"container\" data-e-type=\"container\">\n\t\t\t\t<div class=\"elementor-element elementor-element-6209066 elementor-widget elementor-widget-image\" data-id=\"6209066\" data-element_type=\"widget\" data-e-type=\"widget\" data-widget_type=\"image.default\">\n\t\t\t\t\t\t\t\t\t\t\t\t\t\t\t<img fetchpriority=\"high\" decoding=\"async\" width=\"800\" height=\"534\" src=\"https:\/\/www.mokamed.pl\/wp-content\/uploads\/2025\/08\/IMG_0322-1024x683.jpg\" class=\"attachment-large size-large wp-image-506\" alt=\"Kobieta wykonuje \u0107wiczenie z czujnikami na nodze le\u017c\u0105c na le\u017cance\" srcset=\"https:\/\/www.mokamed.pl\/wp-content\/uploads\/2025\/08\/IMG_0322-1024x683.jpg 1024w, https:\/\/www.mokamed.pl\/wp-content\/uploads\/2025\/08\/IMG_0322-300x200.jpg 300w, https:\/\/www.mokamed.pl\/wp-content\/uploads\/2025\/08\/IMG_0322-768x512.jpg 768w, https:\/\/www.mokamed.pl\/wp-content\/uploads\/2025\/08\/IMG_0322-1536x1024.jpg 1536w, https:\/\/www.mokamed.pl\/wp-content\/uploads\/2025\/08\/IMG_0322.jpg 1920w\" sizes=\"(max-width: 800px) 100vw, 800px\" \/>\t\t\t\t\t\t\t\t\t\t\t\t\t\t\t<\/div>\n\t\t\t\t<\/div>\n\t\t\t\t<\/div>\n\t\t<div class=\"elementor-element elementor-element-9b859e2 e-flex e-con-boxed e-con e-parent\" data-id=\"9b859e2\" data-element_type=\"container\" data-e-type=\"container\">\n\t\t\t\t\t<div class=\"e-con-inner\">\n\t\t\t\t<div class=\"elementor-element elementor-element-2822e43 elementor-widget elementor-widget-heading\" data-id=\"2822e43\" data-element_type=\"widget\" data-e-type=\"widget\" data-widget_type=\"heading.default\">\n\t\t\t\t\t<h2 class=\"elementor-heading-title elementor-size-default\">The system has a wide range of applications, primarily:<\/h2>\t\t\t\t<\/div>\n\t\t<div class=\"elementor-element elementor-element-ea1c074 e-con-full e-flex e-con e-child\" data-id=\"ea1c074\" data-element_type=\"container\" data-e-type=\"container\">\n\t\t<div class=\"elementor-element elementor-element-31aad28 e-con-full e-flex e-con e-child\" data-id=\"31aad28\" data-element_type=\"container\" data-e-type=\"container\" data-settings=\"{&quot;background_background&quot;:&quot;classic&quot;}\">\n\t\t\t\t<div class=\"elementor-element elementor-element-dd6da80 elementor-widget elementor-widget-heading\" data-id=\"dd6da80\" data-element_type=\"widget\" data-e-type=\"widget\" data-widget_type=\"heading.default\">\n\t\t\t\t\t<p class=\"elementor-heading-title elementor-size-default\">Medicine and rehabilitation<\/p>\t\t\t\t<\/div>\n\t\t\t\t<div class=\"elementor-element elementor-element-05a0f32 elementor-icon-list--layout-traditional elementor-list-item-link-full_width elementor-widget elementor-widget-icon-list\" data-id=\"05a0f32\" data-element_type=\"widget\" data-e-type=\"widget\" data-widget_type=\"icon-list.default\">\n\t\t\t\t\t\t\t<ul class=\"elementor-icon-list-items\">\n\t\t\t\t\t\t\t<li class=\"elementor-icon-list-item\">\n\t\t\t\t\t\t\t\t\t\t\t<span class=\"elementor-icon-list-icon\">\n\t\t\t\t\t\t\t<svg xmlns=\"http:\/\/www.w3.org\/2000\/svg\" id=\"uuid-56248c65-2634-4f3c-9906-745c34f659f5\" width=\"54.3mm\" height=\"25.4mm\" viewBox=\"0 0 154 72\"><defs><style>.uuid-f1c0ca4b-0fcb-4c5b-938a-1ed065204764{fill:#04d9c4;}<\/style><\/defs><path class=\"uuid-f1c0ca4b-0fcb-4c5b-938a-1ed065204764\" d=\"M154,0c-9,0-17.5,2.2-25,6.1h0c-4.5,2.3-8.7,5.3-12.4,8.8-.2.1-.3.3-.5.4,0,0,0,0,0,0l-.7.7s0,0,0,0c-.1.1-.3.3-.4.4l-37.3,37.2h0s-7.3,7.3-7.3,7.3h0c-.2.2-.4.4-.6.6,0,0,0,0,0,0-6.5,6.3-15.4,10.2-25.2,10.2H0c8.8,0,17-2.3,24.3-6.1,4.8-2.5,9.3-5.8,13.1-9.6.1-.1.2-.2.4-.4l38-37.8,7.5-7.5c0,0,.2-.2.2-.2,6.5-6.4,15.5-10.4,25.4-10.4h45.1Z\"><\/path><\/svg>\t\t\t\t\t\t<\/span>\n\t\t\t\t\t\t\t\t\t\t<span class=\"elementor-icon-list-text\">After accidents, orthopedic procedures (e.g., joint replacement).<\/span>\n\t\t\t\t\t\t\t\t\t<\/li>\n\t\t\t\t\t\t\t\t<li class=\"elementor-icon-list-item\">\n\t\t\t\t\t\t\t\t\t\t\t<span class=\"elementor-icon-list-icon\">\n\t\t\t\t\t\t\t<svg xmlns=\"http:\/\/www.w3.org\/2000\/svg\" id=\"uuid-56248c65-2634-4f3c-9906-745c34f659f5\" width=\"54.3mm\" height=\"25.4mm\" viewBox=\"0 0 154 72\"><defs><style>.uuid-f1c0ca4b-0fcb-4c5b-938a-1ed065204764{fill:#04d9c4;}<\/style><\/defs><path class=\"uuid-f1c0ca4b-0fcb-4c5b-938a-1ed065204764\" d=\"M154,0c-9,0-17.5,2.2-25,6.1h0c-4.5,2.3-8.7,5.3-12.4,8.8-.2.1-.3.3-.5.4,0,0,0,0,0,0l-.7.7s0,0,0,0c-.1.1-.3.3-.4.4l-37.3,37.2h0s-7.3,7.3-7.3,7.3h0c-.2.2-.4.4-.6.6,0,0,0,0,0,0-6.5,6.3-15.4,10.2-25.2,10.2H0c8.8,0,17-2.3,24.3-6.1,4.8-2.5,9.3-5.8,13.1-9.6.1-.1.2-.2.4-.4l38-37.8,7.5-7.5c0,0,.2-.2.2-.2,6.5-6.4,15.5-10.4,25.4-10.4h45.1Z\"><\/path><\/svg>\t\t\t\t\t\t<\/span>\n\t\t\t\t\t\t\t\t\t\t<span class=\"elementor-icon-list-text\">Improving the quality of life for people with limited mobility through gait and posture analysis.<\/span>\n\t\t\t\t\t\t\t\t\t<\/li>\n\t\t\t\t\t\t\t\t<li class=\"elementor-icon-list-item\">\n\t\t\t\t\t\t\t\t\t\t\t<span class=\"elementor-icon-list-icon\">\n\t\t\t\t\t\t\t<svg xmlns=\"http:\/\/www.w3.org\/2000\/svg\" id=\"uuid-56248c65-2634-4f3c-9906-745c34f659f5\" width=\"54.3mm\" height=\"25.4mm\" viewBox=\"0 0 154 72\"><defs><style>.uuid-f1c0ca4b-0fcb-4c5b-938a-1ed065204764{fill:#04d9c4;}<\/style><\/defs><path class=\"uuid-f1c0ca4b-0fcb-4c5b-938a-1ed065204764\" d=\"M154,0c-9,0-17.5,2.2-25,6.1h0c-4.5,2.3-8.7,5.3-12.4,8.8-.2.1-.3.3-.5.4,0,0,0,0,0,0l-.7.7s0,0,0,0c-.1.1-.3.3-.4.4l-37.3,37.2h0s-7.3,7.3-7.3,7.3h0c-.2.2-.4.4-.6.6,0,0,0,0,0,0-6.5,6.3-15.4,10.2-25.2,10.2H0c8.8,0,17-2.3,24.3-6.1,4.8-2.5,9.3-5.8,13.1-9.6.1-.1.2-.2.4-.4l38-37.8,7.5-7.5c0,0,.2-.2.2-.2,6.5-6.4,15.5-10.4,25.4-10.4h45.1Z\"><\/path><\/svg>\t\t\t\t\t\t<\/span>\n\t\t\t\t\t\t\t\t\t\t<span class=\"elementor-icon-list-text\">Diagnosis and monitoring of rehabilitation progress (e.g., after strokes, injuries)<\/span>\n\t\t\t\t\t\t\t\t\t<\/li>\n\t\t\t\t\t\t\t\t<li class=\"elementor-icon-list-item\">\n\t\t\t\t\t\t\t\t\t\t\t<span class=\"elementor-icon-list-icon\">\n\t\t\t\t\t\t\t<svg xmlns=\"http:\/\/www.w3.org\/2000\/svg\" id=\"uuid-56248c65-2634-4f3c-9906-745c34f659f5\" width=\"54.3mm\" height=\"25.4mm\" viewBox=\"0 0 154 72\"><defs><style>.uuid-f1c0ca4b-0fcb-4c5b-938a-1ed065204764{fill:#04d9c4;}<\/style><\/defs><path class=\"uuid-f1c0ca4b-0fcb-4c5b-938a-1ed065204764\" d=\"M154,0c-9,0-17.5,2.2-25,6.1h0c-4.5,2.3-8.7,5.3-12.4,8.8-.2.1-.3.3-.5.4,0,0,0,0,0,0l-.7.7s0,0,0,0c-.1.1-.3.3-.4.4l-37.3,37.2h0s-7.3,7.3-7.3,7.3h0c-.2.2-.4.4-.6.6,0,0,0,0,0,0-6.5,6.3-15.4,10.2-25.2,10.2H0c8.8,0,17-2.3,24.3-6.1,4.8-2.5,9.3-5.8,13.1-9.6.1-.1.2-.2.4-.4l38-37.8,7.5-7.5c0,0,.2-.2.2-.2,6.5-6.4,15.5-10.4,25.4-10.4h45.1Z\"><\/path><\/svg>\t\t\t\t\t\t<\/span>\n\t\t\t\t\t\t\t\t\t\t<span class=\"elementor-icon-list-text\">Supporting senior care (e.g., fall risk detection).<\/span>\n\t\t\t\t\t\t\t\t\t<\/li>\n\t\t\t\t\t\t<\/ul>\n\t\t\t\t\t\t<\/div>\n\t\t\t\t<\/div>\n\t\t<div class=\"elementor-element elementor-element-f5520cc e-con-full e-flex e-con e-child\" data-id=\"f5520cc\" data-element_type=\"container\" data-e-type=\"container\" data-settings=\"{&quot;background_background&quot;:&quot;classic&quot;}\">\n\t\t\t\t<div class=\"elementor-element elementor-element-7a518f1 elementor-widget elementor-widget-heading\" data-id=\"7a518f1\" data-element_type=\"widget\" data-e-type=\"widget\" data-widget_type=\"heading.default\">\n\t\t\t\t\t<h2 class=\"elementor-heading-title elementor-size-default\">Support for healthy lifestyles and sports<\/h2>\t\t\t\t<\/div>\n\t\t\t\t<div class=\"elementor-element elementor-element-91ba123 elementor-icon-list--layout-traditional elementor-list-item-link-full_width elementor-widget elementor-widget-icon-list\" data-id=\"91ba123\" data-element_type=\"widget\" data-e-type=\"widget\" data-widget_type=\"icon-list.default\">\n\t\t\t\t\t\t\t<ul class=\"elementor-icon-list-items\">\n\t\t\t\t\t\t\t<li class=\"elementor-icon-list-item\">\n\t\t\t\t\t\t\t\t\t\t\t<span class=\"elementor-icon-list-icon\">\n\t\t\t\t\t\t\t<svg xmlns=\"http:\/\/www.w3.org\/2000\/svg\" id=\"uuid-56248c65-2634-4f3c-9906-745c34f659f5\" width=\"54.3mm\" height=\"25.4mm\" viewBox=\"0 0 154 72\"><defs><style>.uuid-f1c0ca4b-0fcb-4c5b-938a-1ed065204764{fill:#04d9c4;}<\/style><\/defs><path class=\"uuid-f1c0ca4b-0fcb-4c5b-938a-1ed065204764\" d=\"M154,0c-9,0-17.5,2.2-25,6.1h0c-4.5,2.3-8.7,5.3-12.4,8.8-.2.1-.3.3-.5.4,0,0,0,0,0,0l-.7.7s0,0,0,0c-.1.1-.3.3-.4.4l-37.3,37.2h0s-7.3,7.3-7.3,7.3h0c-.2.2-.4.4-.6.6,0,0,0,0,0,0-6.5,6.3-15.4,10.2-25.2,10.2H0c8.8,0,17-2.3,24.3-6.1,4.8-2.5,9.3-5.8,13.1-9.6.1-.1.2-.2.4-.4l38-37.8,7.5-7.5c0,0,.2-.2.2-.2,6.5-6.4,15.5-10.4,25.4-10.4h45.1Z\"><\/path><\/svg>\t\t\t\t\t\t<\/span>\n\t\t\t\t\t\t\t\t\t\t<span class=\"elementor-icon-list-text\">Analysis of movement techniques in sports, training optimization.<\/span>\n\t\t\t\t\t\t\t\t\t<\/li>\n\t\t\t\t\t\t\t\t<li class=\"elementor-icon-list-item\">\n\t\t\t\t\t\t\t\t\t\t\t<span class=\"elementor-icon-list-icon\">\n\t\t\t\t\t\t\t<svg xmlns=\"http:\/\/www.w3.org\/2000\/svg\" id=\"uuid-56248c65-2634-4f3c-9906-745c34f659f5\" width=\"54.3mm\" height=\"25.4mm\" viewBox=\"0 0 154 72\"><defs><style>.uuid-f1c0ca4b-0fcb-4c5b-938a-1ed065204764{fill:#04d9c4;}<\/style><\/defs><path class=\"uuid-f1c0ca4b-0fcb-4c5b-938a-1ed065204764\" d=\"M154,0c-9,0-17.5,2.2-25,6.1h0c-4.5,2.3-8.7,5.3-12.4,8.8-.2.1-.3.3-.5.4,0,0,0,0,0,0l-.7.7s0,0,0,0c-.1.1-.3.3-.4.4l-37.3,37.2h0s-7.3,7.3-7.3,7.3h0c-.2.2-.4.4-.6.6,0,0,0,0,0,0-6.5,6.3-15.4,10.2-25.2,10.2H0c8.8,0,17-2.3,24.3-6.1,4.8-2.5,9.3-5.8,13.1-9.6.1-.1.2-.2.4-.4l38-37.8,7.5-7.5c0,0,.2-.2.2-.2,6.5-6.4,15.5-10.4,25.4-10.4h45.1Z\"><\/path><\/svg>\t\t\t\t\t\t<\/span>\n\t\t\t\t\t\t\t\t\t\t<span class=\"elementor-icon-list-text\">Tools for improving work ergonomics and preventing injuries.<\/span>\n\t\t\t\t\t\t\t\t\t<\/li>\n\t\t\t\t\t\t\t\t<li class=\"elementor-icon-list-item\">\n\t\t\t\t\t\t\t\t\t\t\t<span class=\"elementor-icon-list-icon\">\n\t\t\t\t\t\t\t<svg xmlns=\"http:\/\/www.w3.org\/2000\/svg\" id=\"uuid-56248c65-2634-4f3c-9906-745c34f659f5\" width=\"54.3mm\" height=\"25.4mm\" viewBox=\"0 0 154 72\"><defs><style>.uuid-f1c0ca4b-0fcb-4c5b-938a-1ed065204764{fill:#04d9c4;}<\/style><\/defs><path class=\"uuid-f1c0ca4b-0fcb-4c5b-938a-1ed065204764\" d=\"M154,0c-9,0-17.5,2.2-25,6.1h0c-4.5,2.3-8.7,5.3-12.4,8.8-.2.1-.3.3-.5.4,0,0,0,0,0,0l-.7.7s0,0,0,0c-.1.1-.3.3-.4.4l-37.3,37.2h0s-7.3,7.3-7.3,7.3h0c-.2.2-.4.4-.6.6,0,0,0,0,0,0-6.5,6.3-15.4,10.2-25.2,10.2H0c8.8,0,17-2.3,24.3-6.1,4.8-2.5,9.3-5.8,13.1-9.6.1-.1.2-.2.4-.4l38-37.8,7.5-7.5c0,0,.2-.2.2-.2,6.5-6.4,15.5-10.4,25.4-10.4h45.1Z\"><\/path><\/svg>\t\t\t\t\t\t<\/span>\n\t\t\t\t\t\t\t\t\t\t<span class=\"elementor-icon-list-text\">Can be used in training programs for athletes and e-sports players.<\/span>\n\t\t\t\t\t\t\t\t\t<\/li>\n\t\t\t\t\t\t<\/ul>\n\t\t\t\t\t\t<\/div>\n\t\t\t\t<\/div>\n\t\t<div class=\"elementor-element elementor-element-4435dcd e-con-full e-flex e-con e-child\" data-id=\"4435dcd\" data-element_type=\"container\" data-e-type=\"container\" data-settings=\"{&quot;background_background&quot;:&quot;classic&quot;}\">\n\t\t\t\t<div class=\"elementor-element elementor-element-d900111 elementor-widget elementor-widget-heading\" data-id=\"d900111\" data-element_type=\"widget\" data-e-type=\"widget\" data-widget_type=\"heading.default\">\n\t\t\t\t\t<h2 class=\"elementor-heading-title elementor-size-default\">For people with disabilities<\/h2>\t\t\t\t<\/div>\n\t\t\t\t<div class=\"elementor-element elementor-element-cba6f8a elementor-icon-list--layout-traditional elementor-list-item-link-full_width elementor-widget elementor-widget-icon-list\" data-id=\"cba6f8a\" data-element_type=\"widget\" data-e-type=\"widget\" data-widget_type=\"icon-list.default\">\n\t\t\t\t\t\t\t<ul class=\"elementor-icon-list-items\">\n\t\t\t\t\t\t\t<li class=\"elementor-icon-list-item\">\n\t\t\t\t\t\t\t\t\t\t\t<span class=\"elementor-icon-list-icon\">\n\t\t\t\t\t\t\t<svg xmlns=\"http:\/\/www.w3.org\/2000\/svg\" id=\"uuid-56248c65-2634-4f3c-9906-745c34f659f5\" width=\"54.3mm\" height=\"25.4mm\" viewBox=\"0 0 154 72\"><defs><style>.uuid-f1c0ca4b-0fcb-4c5b-938a-1ed065204764{fill:#04d9c4;}<\/style><\/defs><path class=\"uuid-f1c0ca4b-0fcb-4c5b-938a-1ed065204764\" d=\"M154,0c-9,0-17.5,2.2-25,6.1h0c-4.5,2.3-8.7,5.3-12.4,8.8-.2.1-.3.3-.5.4,0,0,0,0,0,0l-.7.7s0,0,0,0c-.1.1-.3.3-.4.4l-37.3,37.2h0s-7.3,7.3-7.3,7.3h0c-.2.2-.4.4-.6.6,0,0,0,0,0,0-6.5,6.3-15.4,10.2-25.2,10.2H0c8.8,0,17-2.3,24.3-6.1,4.8-2.5,9.3-5.8,13.1-9.6.1-.1.2-.2.4-.4l38-37.8,7.5-7.5c0,0,.2-.2.2-.2,6.5-6.4,15.5-10.4,25.4-10.4h45.1Z\"><\/path><\/svg>\t\t\t\t\t\t<\/span>\n\t\t\t\t\t\t\t\t\t\t<span class=\"elementor-icon-list-text\">The ability to detect and correct abnormalities in gait or posture.<\/span>\n\t\t\t\t\t\t\t\t\t<\/li>\n\t\t\t\t\t\t\t\t<li class=\"elementor-icon-list-item\">\n\t\t\t\t\t\t\t\t\t\t\t<span class=\"elementor-icon-list-icon\">\n\t\t\t\t\t\t\t<svg xmlns=\"http:\/\/www.w3.org\/2000\/svg\" id=\"uuid-56248c65-2634-4f3c-9906-745c34f659f5\" width=\"54.3mm\" height=\"25.4mm\" viewBox=\"0 0 154 72\"><defs><style>.uuid-f1c0ca4b-0fcb-4c5b-938a-1ed065204764{fill:#04d9c4;}<\/style><\/defs><path class=\"uuid-f1c0ca4b-0fcb-4c5b-938a-1ed065204764\" d=\"M154,0c-9,0-17.5,2.2-25,6.1h0c-4.5,2.3-8.7,5.3-12.4,8.8-.2.1-.3.3-.5.4,0,0,0,0,0,0l-.7.7s0,0,0,0c-.1.1-.3.3-.4.4l-37.3,37.2h0s-7.3,7.3-7.3,7.3h0c-.2.2-.4.4-.6.6,0,0,0,0,0,0-6.5,6.3-15.4,10.2-25.2,10.2H0c8.8,0,17-2.3,24.3-6.1,4.8-2.5,9.3-5.8,13.1-9.6.1-.1.2-.2.4-.4l38-37.8,7.5-7.5c0,0,.2-.2.2-.2,6.5-6.4,15.5-10.4,25.4-10.4h45.1Z\"><\/path><\/svg>\t\t\t\t\t\t<\/span>\n\t\t\t\t\t\t\t\t\t\t<span class=\"elementor-icon-list-text\">Use in rehabilitation and physical therapy.<\/span>\n\t\t\t\t\t\t\t\t\t<\/li>\n\t\t\t\t\t\t<\/ul>\n\t\t\t\t\t\t<\/div>\n\t\t\t\t<\/div>\n\t\t<div class=\"elementor-element elementor-element-1edc57b e-con-full e-flex e-con e-child\" data-id=\"1edc57b\" data-element_type=\"container\" data-e-type=\"container\" data-settings=\"{&quot;background_background&quot;:&quot;classic&quot;}\">\n\t\t\t\t<div class=\"elementor-element elementor-element-e5d77ee elementor-widget elementor-widget-heading\" data-id=\"e5d77ee\" data-element_type=\"widget\" data-e-type=\"widget\" data-widget_type=\"heading.default\">\n\t\t\t\t\t<h2 class=\"elementor-heading-title elementor-size-default\">Work ergonomics and automation<\/h2>\t\t\t\t<\/div>\n\t\t\t\t<div class=\"elementor-element elementor-element-7cd61f0 elementor-icon-list--layout-traditional elementor-list-item-link-full_width elementor-widget elementor-widget-icon-list\" data-id=\"7cd61f0\" data-element_type=\"widget\" data-e-type=\"widget\" data-widget_type=\"icon-list.default\">\n\t\t\t\t\t\t\t<ul class=\"elementor-icon-list-items\">\n\t\t\t\t\t\t\t<li class=\"elementor-icon-list-item\">\n\t\t\t\t\t\t\t\t\t\t\t<span class=\"elementor-icon-list-icon\">\n\t\t\t\t\t\t\t<svg xmlns=\"http:\/\/www.w3.org\/2000\/svg\" id=\"uuid-56248c65-2634-4f3c-9906-745c34f659f5\" width=\"54.3mm\" height=\"25.4mm\" viewBox=\"0 0 154 72\"><defs><style>.uuid-f1c0ca4b-0fcb-4c5b-938a-1ed065204764{fill:#04d9c4;}<\/style><\/defs><path class=\"uuid-f1c0ca4b-0fcb-4c5b-938a-1ed065204764\" d=\"M154,0c-9,0-17.5,2.2-25,6.1h0c-4.5,2.3-8.7,5.3-12.4,8.8-.2.1-.3.3-.5.4,0,0,0,0,0,0l-.7.7s0,0,0,0c-.1.1-.3.3-.4.4l-37.3,37.2h0s-7.3,7.3-7.3,7.3h0c-.2.2-.4.4-.6.6,0,0,0,0,0,0-6.5,6.3-15.4,10.2-25.2,10.2H0c8.8,0,17-2.3,24.3-6.1,4.8-2.5,9.3-5.8,13.1-9.6.1-.1.2-.2.4-.4l38-37.8,7.5-7.5c0,0,.2-.2.2-.2,6.5-6.4,15.5-10.4,25.4-10.4h45.1Z\"><\/path><\/svg>\t\t\t\t\t\t<\/span>\n\t\t\t\t\t\t\t\t\t\t<span class=\"elementor-icon-list-text\">Optimization of workstations in terms of employee health and safety.<\/span>\n\t\t\t\t\t\t\t\t\t<\/li>\n\t\t\t\t\t\t\t\t<li class=\"elementor-icon-list-item\">\n\t\t\t\t\t\t\t\t\t\t\t<span class=\"elementor-icon-list-icon\">\n\t\t\t\t\t\t\t<svg xmlns=\"http:\/\/www.w3.org\/2000\/svg\" id=\"uuid-56248c65-2634-4f3c-9906-745c34f659f5\" width=\"54.3mm\" height=\"25.4mm\" viewBox=\"0 0 154 72\"><defs><style>.uuid-f1c0ca4b-0fcb-4c5b-938a-1ed065204764{fill:#04d9c4;}<\/style><\/defs><path class=\"uuid-f1c0ca4b-0fcb-4c5b-938a-1ed065204764\" d=\"M154,0c-9,0-17.5,2.2-25,6.1h0c-4.5,2.3-8.7,5.3-12.4,8.8-.2.1-.3.3-.5.4,0,0,0,0,0,0l-.7.7s0,0,0,0c-.1.1-.3.3-.4.4l-37.3,37.2h0s-7.3,7.3-7.3,7.3h0c-.2.2-.4.4-.6.6,0,0,0,0,0,0-6.5,6.3-15.4,10.2-25.2,10.2H0c8.8,0,17-2.3,24.3-6.1,4.8-2.5,9.3-5.8,13.1-9.6.1-.1.2-.2.4-.4l38-37.8,7.5-7.5c0,0,.2-.2.2-.2,6.5-6.4,15.5-10.4,25.4-10.4h45.1Z\"><\/path><\/svg>\t\t\t\t\t\t<\/span>\n\t\t\t\t\t\t\t\t\t\t<span class=\"elementor-icon-list-text\">Reduction of costs related to injuries and absenteeism at work.<\/span>\n\t\t\t\t\t\t\t\t\t<\/li>\n\t\t\t\t\t\t<\/ul>\n\t\t\t\t\t\t<\/div>\n\t\t\t\t<\/div>\n\t\t\t\t<\/div>\n\t\t\t\t\t<\/div>\n\t\t\t\t<\/div>\n\t\t\t\t<\/div>\n\t\t","protected":false},"excerpt":{"rendered":"<p>For whom Thanks to its intuitive operation and simple design that does not require specialized rooms, Moka can be used not only in physiotherapy offices, hospitals, or specialized facilities, but also in primary care clinics. This enables faster diagnosis of mobility problems and the initiation of appropriate therapy at an early stage, which helps to [&hellip;]<\/p>\n","protected":false},"author":1,"featured_media":0,"parent":0,"menu_order":0,"comment_status":"closed","ping_status":"closed","template":"","meta":{"footnotes":""},"class_list":["post-473","page","type-page","status-publish","hentry"],"_links":{"self":[{"href":"https:\/\/www.mokamed.pl\/en\/wp-json\/wp\/v2\/pages\/473","targetHints":{"allow":["GET"]}}],"collection":[{"href":"https:\/\/www.mokamed.pl\/en\/wp-json\/wp\/v2\/pages"}],"about":[{"href":"https:\/\/www.mokamed.pl\/en\/wp-json\/wp\/v2\/types\/page"}],"author":[{"embeddable":true,"href":"https:\/\/www.mokamed.pl\/en\/wp-json\/wp\/v2\/users\/1"}],"replies":[{"embeddable":true,"href":"https:\/\/www.mokamed.pl\/en\/wp-json\/wp\/v2\/comments?post=473"}],"version-history":[{"count":0,"href":"https:\/\/www.mokamed.pl\/en\/wp-json\/wp\/v2\/pages\/473\/revisions"}],"wp:attachment":[{"href":"https:\/\/www.mokamed.pl\/en\/wp-json\/wp\/v2\/media?parent=473"}],"curies":[{"name":"wp","href":"https:\/\/api.w.org\/{rel}","templated":true}]}}