{"id":477,"date":"2025-07-16T09:46:22","date_gmt":"2025-07-16T09:46:22","guid":{"rendered":"https:\/\/www.mokamed.pl\/jak-dziala-moka\/badanie-ruchomosci-stawow\/"},"modified":"2025-10-15T14:20:53","modified_gmt":"2025-10-15T14:20:53","slug":"joint-mobility-examination","status":"publish","type":"page","link":"https:\/\/www.mokamed.pl\/en\/how-does-moka-work\/joint-mobility-examination\/","title":{"rendered":"EN Badanie ruchomo\u015bci staw\u00f3w"},"content":{"rendered":"\t\t<div data-elementor-type=\"wp-page\" data-elementor-id=\"477\" class=\"elementor elementor-477 elementor-352\" data-elementor-post-type=\"page\">\n\t\t\t\t<div class=\"elementor-element elementor-element-54c0e09 e-con-full e-flex e-con e-parent\" data-id=\"54c0e09\" data-element_type=\"container\" data-e-type=\"container\" data-settings=\"{&quot;background_background&quot;:&quot;classic&quot;}\">\n\t\t<div class=\"elementor-element elementor-element-ae4824f e-con-full e-flex e-con e-child\" data-id=\"ae4824f\" data-element_type=\"container\" data-e-type=\"container\">\n\t\t<div class=\"elementor-element elementor-element-1ca5e3c e-con-full e-flex e-con e-child\" data-id=\"1ca5e3c\" data-element_type=\"container\" data-e-type=\"container\">\n\t\t\t\t<div class=\"elementor-element elementor-element-dc49fed elementor-widget elementor-widget-heading\" data-id=\"dc49fed\" data-element_type=\"widget\" data-e-type=\"widget\" data-widget_type=\"heading.default\">\n\t\t\t\t\t<h1 class=\"elementor-heading-title elementor-size-default\">Joint mobility examination<\/h1>\t\t\t\t<\/div>\n\t\t\t\t<\/div>\n\t\t<div class=\"elementor-element elementor-element-af87ecd e-con-full elementor-hidden-tablet elementor-hidden-mobile e-flex e-con e-child\" data-id=\"af87ecd\" data-element_type=\"container\" data-e-type=\"container\">\n\t\t\t\t<\/div>\n\t\t\t\t<\/div>\n\t\t\t\t<\/div>\n\t\t<div class=\"elementor-element elementor-element-9245de0 e-flex e-con-boxed e-con e-parent\" data-id=\"9245de0\" data-element_type=\"container\" data-e-type=\"container\" data-settings=\"{&quot;background_background&quot;:&quot;classic&quot;}\">\n\t\t\t\t\t<div class=\"e-con-inner\">\n\t\t\t\t<div class=\"elementor-element elementor-element-ccf1a0c elementor-widget__width-initial elementor-widget-mobile__width-inherit elementor-widget elementor-widget-text-editor\" data-id=\"ccf1a0c\" data-element_type=\"widget\" data-e-type=\"widget\" data-widget_type=\"text-editor.default\">\n\t\t\t\t\t\t\t\t\t<p><strong><span style=\"color: #04d9c4;\">The Moka system is currently undergoing certification as a medical device.<\/span><\/strong><\/p>\t\t\t\t\t\t\t\t<\/div>\n\t\t\t\t\t<\/div>\n\t\t\t\t<\/div>\n\t\t<div class=\"elementor-element elementor-element-8e8c429 e-flex e-con-boxed e-con e-parent\" data-id=\"8e8c429\" data-element_type=\"container\" data-e-type=\"container\">\n\t\t\t\t\t<div class=\"e-con-inner\">\n\t\t<div class=\"elementor-element elementor-element-9acd00d e-con-full e-flex e-con e-child\" data-id=\"9acd00d\" data-element_type=\"container\" data-e-type=\"container\">\n\t\t\t\t<div class=\"elementor-element elementor-element-a7b7c5b elementor-widget elementor-widget-image\" data-id=\"a7b7c5b\" data-element_type=\"widget\" data-e-type=\"widget\" data-widget_type=\"image.default\">\n\t\t\t\t\t\t\t\t\t\t\t\t\t\t\t<img fetchpriority=\"high\" decoding=\"async\" width=\"1280\" height=\"1920\" src=\"https:\/\/www.mokamed.pl\/wp-content\/uploads\/2025\/08\/IMG_0306.jpg\" class=\"attachment-full size-full wp-image-511\" alt=\"Kobieta wykonuje \u0107wiczenie z czujnikami na nodze le\u017c\u0105c na le\u017cance\" srcset=\"https:\/\/www.mokamed.pl\/wp-content\/uploads\/2025\/08\/IMG_0306.jpg 1280w, https:\/\/www.mokamed.pl\/wp-content\/uploads\/2025\/08\/IMG_0306-200x300.jpg 200w, https:\/\/www.mokamed.pl\/wp-content\/uploads\/2025\/08\/IMG_0306-683x1024.jpg 683w, https:\/\/www.mokamed.pl\/wp-content\/uploads\/2025\/08\/IMG_0306-768x1152.jpg 768w, https:\/\/www.mokamed.pl\/wp-content\/uploads\/2025\/08\/IMG_0306-1024x1536.jpg 1024w\" sizes=\"(max-width: 1280px) 100vw, 1280px\" \/>\t\t\t\t\t\t\t\t\t\t\t\t\t\t\t<\/div>\n\t\t\t\t<\/div>\n\t\t<div class=\"elementor-element elementor-element-18534fd e-con-full e-flex e-con e-child\" data-id=\"18534fd\" data-element_type=\"container\" data-e-type=\"container\" data-settings=\"{&quot;background_background&quot;:&quot;classic&quot;}\">\n\t\t\t\t<div class=\"elementor-element elementor-element-42e1086 elementor-widget elementor-widget-text-editor\" data-id=\"42e1086\" data-element_type=\"widget\" data-e-type=\"widget\" data-widget_type=\"text-editor.default\">\n\t\t\t\t\t\t\t\t\t<p>The Moka system enables the examination of the mobility of joints such as:<\/p>\t\t\t\t\t\t\t\t<\/div>\n\t\t\t\t<div class=\"elementor-element elementor-element-5b40b18 elementor-widget__width-inherit elementor-icon-list--layout-traditional elementor-list-item-link-full_width elementor-widget elementor-widget-icon-list\" data-id=\"5b40b18\" data-element_type=\"widget\" data-e-type=\"widget\" data-widget_type=\"icon-list.default\">\n\t\t\t\t\t\t\t<ul class=\"elementor-icon-list-items\">\n\t\t\t\t\t\t\t<li class=\"elementor-icon-list-item\">\n\t\t\t\t\t\t\t\t\t\t\t<span class=\"elementor-icon-list-icon\">\n\t\t\t\t\t\t\t<svg xmlns=\"http:\/\/www.w3.org\/2000\/svg\" id=\"uuid-56248c65-2634-4f3c-9906-745c34f659f5\" width=\"54.3mm\" height=\"25.4mm\" viewBox=\"0 0 154 72\"><defs><style>.uuid-f1c0ca4b-0fcb-4c5b-938a-1ed065204764{fill:#04d9c4;}<\/style><\/defs><path class=\"uuid-f1c0ca4b-0fcb-4c5b-938a-1ed065204764\" d=\"M154,0c-9,0-17.5,2.2-25,6.1h0c-4.5,2.3-8.7,5.3-12.4,8.8-.2.1-.3.3-.5.4,0,0,0,0,0,0l-.7.7s0,0,0,0c-.1.1-.3.3-.4.4l-37.3,37.2h0s-7.3,7.3-7.3,7.3h0c-.2.2-.4.4-.6.6,0,0,0,0,0,0-6.5,6.3-15.4,10.2-25.2,10.2H0c8.8,0,17-2.3,24.3-6.1,4.8-2.5,9.3-5.8,13.1-9.6.1-.1.2-.2.4-.4l38-37.8,7.5-7.5c0,0,.2-.2.2-.2,6.5-6.4,15.5-10.4,25.4-10.4h45.1Z\"><\/path><\/svg>\t\t\t\t\t\t<\/span>\n\t\t\t\t\t\t\t\t\t\t<span class=\"elementor-icon-list-text\">stepping, <\/span>\n\t\t\t\t\t\t\t\t\t<\/li>\n\t\t\t\t\t\t\t\t<li class=\"elementor-icon-list-item\">\n\t\t\t\t\t\t\t\t\t\t\t<span class=\"elementor-icon-list-icon\">\n\t\t\t\t\t\t\t<svg xmlns=\"http:\/\/www.w3.org\/2000\/svg\" id=\"uuid-56248c65-2634-4f3c-9906-745c34f659f5\" width=\"54.3mm\" height=\"25.4mm\" viewBox=\"0 0 154 72\"><defs><style>.uuid-f1c0ca4b-0fcb-4c5b-938a-1ed065204764{fill:#04d9c4;}<\/style><\/defs><path class=\"uuid-f1c0ca4b-0fcb-4c5b-938a-1ed065204764\" d=\"M154,0c-9,0-17.5,2.2-25,6.1h0c-4.5,2.3-8.7,5.3-12.4,8.8-.2.1-.3.3-.5.4,0,0,0,0,0,0l-.7.7s0,0,0,0c-.1.1-.3.3-.4.4l-37.3,37.2h0s-7.3,7.3-7.3,7.3h0c-.2.2-.4.4-.6.6,0,0,0,0,0,0-6.5,6.3-15.4,10.2-25.2,10.2H0c8.8,0,17-2.3,24.3-6.1,4.8-2.5,9.3-5.8,13.1-9.6.1-.1.2-.2.4-.4l38-37.8,7.5-7.5c0,0,.2-.2.2-.2,6.5-6.4,15.5-10.4,25.4-10.4h45.1Z\"><\/path><\/svg>\t\t\t\t\t\t<\/span>\n\t\t\t\t\t\t\t\t\t\t<span class=\"elementor-icon-list-text\">knee,<\/span>\n\t\t\t\t\t\t\t\t\t<\/li>\n\t\t\t\t\t\t\t\t<li class=\"elementor-icon-list-item\">\n\t\t\t\t\t\t\t\t\t\t\t<span class=\"elementor-icon-list-icon\">\n\t\t\t\t\t\t\t<svg xmlns=\"http:\/\/www.w3.org\/2000\/svg\" id=\"uuid-56248c65-2634-4f3c-9906-745c34f659f5\" width=\"54.3mm\" height=\"25.4mm\" viewBox=\"0 0 154 72\"><defs><style>.uuid-f1c0ca4b-0fcb-4c5b-938a-1ed065204764{fill:#04d9c4;}<\/style><\/defs><path class=\"uuid-f1c0ca4b-0fcb-4c5b-938a-1ed065204764\" d=\"M154,0c-9,0-17.5,2.2-25,6.1h0c-4.5,2.3-8.7,5.3-12.4,8.8-.2.1-.3.3-.5.4,0,0,0,0,0,0l-.7.7s0,0,0,0c-.1.1-.3.3-.4.4l-37.3,37.2h0s-7.3,7.3-7.3,7.3h0c-.2.2-.4.4-.6.6,0,0,0,0,0,0-6.5,6.3-15.4,10.2-25.2,10.2H0c8.8,0,17-2.3,24.3-6.1,4.8-2.5,9.3-5.8,13.1-9.6.1-.1.2-.2.4-.4l38-37.8,7.5-7.5c0,0,.2-.2.2-.2,6.5-6.4,15.5-10.4,25.4-10.4h45.1Z\"><\/path><\/svg>\t\t\t\t\t\t<\/span>\n\t\t\t\t\t\t\t\t\t\t<span class=\"elementor-icon-list-text\">hip,<\/span>\n\t\t\t\t\t\t\t\t\t<\/li>\n\t\t\t\t\t\t\t\t<li class=\"elementor-icon-list-item\">\n\t\t\t\t\t\t\t\t\t\t\t<span class=\"elementor-icon-list-icon\">\n\t\t\t\t\t\t\t<svg xmlns=\"http:\/\/www.w3.org\/2000\/svg\" id=\"uuid-56248c65-2634-4f3c-9906-745c34f659f5\" width=\"54.3mm\" height=\"25.4mm\" viewBox=\"0 0 154 72\"><defs><style>.uuid-f1c0ca4b-0fcb-4c5b-938a-1ed065204764{fill:#04d9c4;}<\/style><\/defs><path class=\"uuid-f1c0ca4b-0fcb-4c5b-938a-1ed065204764\" d=\"M154,0c-9,0-17.5,2.2-25,6.1h0c-4.5,2.3-8.7,5.3-12.4,8.8-.2.1-.3.3-.5.4,0,0,0,0,0,0l-.7.7s0,0,0,0c-.1.1-.3.3-.4.4l-37.3,37.2h0s-7.3,7.3-7.3,7.3h0c-.2.2-.4.4-.6.6,0,0,0,0,0,0-6.5,6.3-15.4,10.2-25.2,10.2H0c8.8,0,17-2.3,24.3-6.1,4.8-2.5,9.3-5.8,13.1-9.6.1-.1.2-.2.4-.4l38-37.8,7.5-7.5c0,0,.2-.2.2-.2,6.5-6.4,15.5-10.4,25.4-10.4h45.1Z\"><\/path><\/svg>\t\t\t\t\t\t<\/span>\n\t\t\t\t\t\t\t\t\t\t<span class=\"elementor-icon-list-text\">shoulder-arm,<\/span>\n\t\t\t\t\t\t\t\t\t<\/li>\n\t\t\t\t\t\t\t\t<li class=\"elementor-icon-list-item\">\n\t\t\t\t\t\t\t\t\t\t\t<span class=\"elementor-icon-list-icon\">\n\t\t\t\t\t\t\t<svg xmlns=\"http:\/\/www.w3.org\/2000\/svg\" id=\"uuid-56248c65-2634-4f3c-9906-745c34f659f5\" width=\"54.3mm\" height=\"25.4mm\" viewBox=\"0 0 154 72\"><defs><style>.uuid-f1c0ca4b-0fcb-4c5b-938a-1ed065204764{fill:#04d9c4;}<\/style><\/defs><path class=\"uuid-f1c0ca4b-0fcb-4c5b-938a-1ed065204764\" d=\"M154,0c-9,0-17.5,2.2-25,6.1h0c-4.5,2.3-8.7,5.3-12.4,8.8-.2.1-.3.3-.5.4,0,0,0,0,0,0l-.7.7s0,0,0,0c-.1.1-.3.3-.4.4l-37.3,37.2h0s-7.3,7.3-7.3,7.3h0c-.2.2-.4.4-.6.6,0,0,0,0,0,0-6.5,6.3-15.4,10.2-25.2,10.2H0c8.8,0,17-2.3,24.3-6.1,4.8-2.5,9.3-5.8,13.1-9.6.1-.1.2-.2.4-.4l38-37.8,7.5-7.5c0,0,.2-.2.2-.2,6.5-6.4,15.5-10.4,25.4-10.4h45.1Z\"><\/path><\/svg>\t\t\t\t\t\t<\/span>\n\t\t\t\t\t\t\t\t\t\t<span class=\"elementor-icon-list-text\">elbow,<\/span>\n\t\t\t\t\t\t\t\t\t<\/li>\n\t\t\t\t\t\t\t\t<li class=\"elementor-icon-list-item\">\n\t\t\t\t\t\t\t\t\t\t\t<span class=\"elementor-icon-list-icon\">\n\t\t\t\t\t\t\t<svg xmlns=\"http:\/\/www.w3.org\/2000\/svg\" id=\"uuid-56248c65-2634-4f3c-9906-745c34f659f5\" width=\"54.3mm\" height=\"25.4mm\" viewBox=\"0 0 154 72\"><defs><style>.uuid-f1c0ca4b-0fcb-4c5b-938a-1ed065204764{fill:#04d9c4;}<\/style><\/defs><path class=\"uuid-f1c0ca4b-0fcb-4c5b-938a-1ed065204764\" d=\"M154,0c-9,0-17.5,2.2-25,6.1h0c-4.5,2.3-8.7,5.3-12.4,8.8-.2.1-.3.3-.5.4,0,0,0,0,0,0l-.7.7s0,0,0,0c-.1.1-.3.3-.4.4l-37.3,37.2h0s-7.3,7.3-7.3,7.3h0c-.2.2-.4.4-.6.6,0,0,0,0,0,0-6.5,6.3-15.4,10.2-25.2,10.2H0c8.8,0,17-2.3,24.3-6.1,4.8-2.5,9.3-5.8,13.1-9.6.1-.1.2-.2.4-.4l38-37.8,7.5-7.5c0,0,.2-.2.2-.2,6.5-6.4,15.5-10.4,25.4-10.4h45.1Z\"><\/path><\/svg>\t\t\t\t\t\t<\/span>\n\t\t\t\t\t\t\t\t\t\t<span class=\"elementor-icon-list-text\">radial-carpal,<\/span>\n\t\t\t\t\t\t\t\t\t<\/li>\n\t\t\t\t\t\t\t\t<li class=\"elementor-icon-list-item\">\n\t\t\t\t\t\t\t\t\t\t\t<span class=\"elementor-icon-list-icon\">\n\t\t\t\t\t\t\t<svg xmlns=\"http:\/\/www.w3.org\/2000\/svg\" id=\"uuid-56248c65-2634-4f3c-9906-745c34f659f5\" width=\"54.3mm\" height=\"25.4mm\" viewBox=\"0 0 154 72\"><defs><style>.uuid-f1c0ca4b-0fcb-4c5b-938a-1ed065204764{fill:#04d9c4;}<\/style><\/defs><path class=\"uuid-f1c0ca4b-0fcb-4c5b-938a-1ed065204764\" d=\"M154,0c-9,0-17.5,2.2-25,6.1h0c-4.5,2.3-8.7,5.3-12.4,8.8-.2.1-.3.3-.5.4,0,0,0,0,0,0l-.7.7s0,0,0,0c-.1.1-.3.3-.4.4l-37.3,37.2h0s-7.3,7.3-7.3,7.3h0c-.2.2-.4.4-.6.6,0,0,0,0,0,0-6.5,6.3-15.4,10.2-25.2,10.2H0c8.8,0,17-2.3,24.3-6.1,4.8-2.5,9.3-5.8,13.1-9.6.1-.1.2-.2.4-.4l38-37.8,7.5-7.5c0,0,.2-.2.2-.2,6.5-6.4,15.5-10.4,25.4-10.4h45.1Z\"><\/path><\/svg>\t\t\t\t\t\t<\/span>\n\t\t\t\t\t\t\t\t\t\t<span class=\"elementor-icon-list-text\">cervical spine,<\/span>\n\t\t\t\t\t\t\t\t\t<\/li>\n\t\t\t\t\t\t\t\t<li class=\"elementor-icon-list-item\">\n\t\t\t\t\t\t\t\t\t\t\t<span class=\"elementor-icon-list-icon\">\n\t\t\t\t\t\t\t<svg xmlns=\"http:\/\/www.w3.org\/2000\/svg\" id=\"uuid-56248c65-2634-4f3c-9906-745c34f659f5\" width=\"54.3mm\" height=\"25.4mm\" viewBox=\"0 0 154 72\"><defs><style>.uuid-f1c0ca4b-0fcb-4c5b-938a-1ed065204764{fill:#04d9c4;}<\/style><\/defs><path class=\"uuid-f1c0ca4b-0fcb-4c5b-938a-1ed065204764\" d=\"M154,0c-9,0-17.5,2.2-25,6.1h0c-4.5,2.3-8.7,5.3-12.4,8.8-.2.1-.3.3-.5.4,0,0,0,0,0,0l-.7.7s0,0,0,0c-.1.1-.3.3-.4.4l-37.3,37.2h0s-7.3,7.3-7.3,7.3h0c-.2.2-.4.4-.6.6,0,0,0,0,0,0-6.5,6.3-15.4,10.2-25.2,10.2H0c8.8,0,17-2.3,24.3-6.1,4.8-2.5,9.3-5.8,13.1-9.6.1-.1.2-.2.4-.4l38-37.8,7.5-7.5c0,0,.2-.2.2-.2,6.5-6.4,15.5-10.4,25.4-10.4h45.1Z\"><\/path><\/svg>\t\t\t\t\t\t<\/span>\n\t\t\t\t\t\t\t\t\t\t<span class=\"elementor-icon-list-text\">pelvic mobility.<\/span>\n\t\t\t\t\t\t\t\t\t<\/li>\n\t\t\t\t\t\t<\/ul>\n\t\t\t\t\t\t<\/div>\n\t\t\t\t<\/div>\n\t\t<div class=\"elementor-element elementor-element-6feafc6 e-con-full e-flex e-con e-child\" data-id=\"6feafc6\" data-element_type=\"container\" data-e-type=\"container\" data-settings=\"{&quot;background_background&quot;:&quot;classic&quot;}\">\n\t\t\t\t<div class=\"elementor-element elementor-element-6283649 elementor-widget elementor-widget-text-editor\" data-id=\"6283649\" data-element_type=\"widget\" data-e-type=\"widget\" data-widget_type=\"text-editor.default\">\n\t\t\t\t\t\t\t\t\t<p>The physical therapist decides on the position in which the examination is performed and additionally determines the type of movement (active or passive), muscle strength, and the level of pain felt by the patient. This makes monitoring the progress of therapy simple and measurable.<\/p>\t\t\t\t\t\t\t\t<\/div>\n\t\t\t\t<\/div>\n\t\t<div class=\"elementor-element elementor-element-18b1742 e-con-full e-flex e-con e-child\" data-id=\"18b1742\" data-element_type=\"container\" data-e-type=\"container\">\n\t\t\t\t<div class=\"elementor-element elementor-element-6fe154f elementor-widget elementor-widget-image\" data-id=\"6fe154f\" data-element_type=\"widget\" data-e-type=\"widget\" data-widget_type=\"image.default\">\n\t\t\t\t\t\t\t\t\t\t\t\t\t\t\t<img decoding=\"async\" width=\"1920\" height=\"1152\" src=\"https:\/\/www.mokamed.pl\/wp-content\/uploads\/2025\/08\/Poziom-bolu.jpg\" class=\"attachment-full size-full wp-image-512\" alt=\"Widok z aplikacji przedstawiaj\u0105cy poziom b\u00f3lu odczuwanego przez pacjenta\" srcset=\"https:\/\/www.mokamed.pl\/wp-content\/uploads\/2025\/08\/Poziom-bolu.jpg 1920w, https:\/\/www.mokamed.pl\/wp-content\/uploads\/2025\/08\/Poziom-bolu-300x180.jpg 300w, https:\/\/www.mokamed.pl\/wp-content\/uploads\/2025\/08\/Poziom-bolu-1024x614.jpg 1024w, https:\/\/www.mokamed.pl\/wp-content\/uploads\/2025\/08\/Poziom-bolu-768x461.jpg 768w, https:\/\/www.mokamed.pl\/wp-content\/uploads\/2025\/08\/Poziom-bolu-1536x922.jpg 1536w\" sizes=\"(max-width: 1920px) 100vw, 1920px\" \/>\t\t\t\t\t\t\t\t\t\t\t\t\t\t\t<\/div>\n\t\t\t\t<\/div>\n\t\t\t\t\t<\/div>\n\t\t\t\t<\/div>\n\t\t\t\t<\/div>\n\t\t","protected":false},"excerpt":{"rendered":"<p>Joint mobility examination The Moka system is currently undergoing certification as a medical device. The Moka system enables the examination of the mobility of joints such as: stepping, knee, hip, shoulder-arm, elbow, radial-carpal, cervical spine, pelvic mobility. The physical therapist decides on the position in which the examination is performed and additionally determines the type [&hellip;]<\/p>\n","protected":false},"author":1,"featured_media":0,"parent":475,"menu_order":0,"comment_status":"closed","ping_status":"closed","template":"","meta":{"footnotes":""},"class_list":["post-477","page","type-page","status-publish","hentry"],"_links":{"self":[{"href":"https:\/\/www.mokamed.pl\/en\/wp-json\/wp\/v2\/pages\/477","targetHints":{"allow":["GET"]}}],"collection":[{"href":"https:\/\/www.mokamed.pl\/en\/wp-json\/wp\/v2\/pages"}],"about":[{"href":"https:\/\/www.mokamed.pl\/en\/wp-json\/wp\/v2\/types\/page"}],"author":[{"embeddable":true,"href":"https:\/\/www.mokamed.pl\/en\/wp-json\/wp\/v2\/users\/1"}],"replies":[{"embeddable":true,"href":"https:\/\/www.mokamed.pl\/en\/wp-json\/wp\/v2\/comments?post=477"}],"version-history":[{"count":0,"href":"https:\/\/www.mokamed.pl\/en\/wp-json\/wp\/v2\/pages\/477\/revisions"}],"up":[{"embeddable":true,"href":"https:\/\/www.mokamed.pl\/en\/wp-json\/wp\/v2\/pages\/475"}],"wp:attachment":[{"href":"https:\/\/www.mokamed.pl\/en\/wp-json\/wp\/v2\/media?parent=477"}],"curies":[{"name":"wp","href":"https:\/\/api.w.org\/{rel}","templated":true}]}}