{"id":487,"date":"2025-07-16T09:12:45","date_gmt":"2025-07-16T09:12:45","guid":{"rendered":"https:\/\/www.mokamed.pl\/o-nas\/"},"modified":"2025-10-15T14:36:40","modified_gmt":"2025-10-15T14:36:40","slug":"about-us","status":"publish","type":"page","link":"https:\/\/www.mokamed.pl\/en\/about-us\/","title":{"rendered":"EN O nas"},"content":{"rendered":"\t\t<div data-elementor-type=\"wp-page\" data-elementor-id=\"487\" class=\"elementor elementor-487 elementor-346\" data-elementor-post-type=\"page\">\n\t\t\t\t<div class=\"elementor-element elementor-element-7599bc8 e-con-full e-flex e-con e-parent\" data-id=\"7599bc8\" data-element_type=\"container\" data-e-type=\"container\" data-settings=\"{&quot;background_background&quot;:&quot;classic&quot;}\">\n\t\t<div class=\"elementor-element elementor-element-8625122 e-con-full e-flex e-con e-child\" data-id=\"8625122\" data-element_type=\"container\" data-e-type=\"container\">\n\t\t<div class=\"elementor-element elementor-element-ef594c3 e-con-full e-flex e-con e-child\" data-id=\"ef594c3\" data-element_type=\"container\" data-e-type=\"container\">\n\t\t\t\t<div class=\"elementor-element elementor-element-b23aa7b elementor-widget elementor-widget-heading\" data-id=\"b23aa7b\" data-element_type=\"widget\" data-e-type=\"widget\" data-widget_type=\"heading.default\">\n\t\t\t\t\t<h1 class=\"elementor-heading-title elementor-size-default\">About us<\/h1>\t\t\t\t<\/div>\n\t\t\t\t<\/div>\n\t\t<div class=\"elementor-element elementor-element-ce5d432 e-con-full elementor-hidden-tablet elementor-hidden-mobile e-flex e-con e-child\" data-id=\"ce5d432\" data-element_type=\"container\" data-e-type=\"container\">\n\t\t\t\t<\/div>\n\t\t\t\t<\/div>\n\t\t\t\t<\/div>\n\t\t<div class=\"elementor-element elementor-element-b47369d e-flex e-con-boxed e-con e-parent\" data-id=\"b47369d\" data-element_type=\"container\" data-e-type=\"container\" data-settings=\"{&quot;background_background&quot;:&quot;classic&quot;}\">\n\t\t\t\t\t<div class=\"e-con-inner\">\n\t\t\t\t<div class=\"elementor-element elementor-element-5546d44 elementor-widget__width-initial elementor-widget-mobile__width-inherit elementor-widget elementor-widget-text-editor\" data-id=\"5546d44\" data-element_type=\"widget\" data-e-type=\"widget\" data-widget_type=\"text-editor.default\">\n\t\t\t\t\t\t\t\t\t<p><strong><span style=\"color: #04d9c4;\">The Moka system is currently undergoing certification as a medical device.<\/span><\/strong><\/p>\t\t\t\t\t\t\t\t<\/div>\n\t\t\t\t\t<\/div>\n\t\t\t\t<\/div>\n\t\t<div class=\"elementor-element elementor-element-5bb94d7 e-flex e-con-boxed e-con e-parent\" data-id=\"5bb94d7\" data-element_type=\"container\" data-e-type=\"container\">\n\t\t\t\t\t<div class=\"e-con-inner\">\n\t\t<div class=\"elementor-element elementor-element-3ba32e7 e-con-full e-flex e-con e-child\" data-id=\"3ba32e7\" data-element_type=\"container\" data-e-type=\"container\">\n\t\t\t\t<div class=\"elementor-element elementor-element-48685e9 elementor-widget elementor-widget-heading\" data-id=\"48685e9\" data-element_type=\"widget\" data-e-type=\"widget\" data-widget_type=\"heading.default\">\n\t\t\t\t\t<h2 class=\"elementor-heading-title elementor-size-default\">We know what we're doing.<\/h2>\t\t\t\t<\/div>\n\t\t\t\t<div class=\"elementor-element elementor-element-45426a2 elementor-widget elementor-widget-text-editor\" data-id=\"45426a2\" data-element_type=\"widget\" data-e-type=\"widget\" data-widget_type=\"text-editor.default\">\n\t\t\t\t\t\t\t\t\t<p>We have been operating on the market since 1994. By constantly following new trends and technological opportunities, we provide professional IT and telecommunications solutions for many sectors of the Polish economy, as well as public entities and organizations. We combine many years of experience with high quality.<\/p><p>We are a Polish company, but we cooperate with many renowned global and domestic brands. However, the secret of our success remains unchanged: people. A well-coordinated team of experienced specialists allows us to create advanced solutions tailored to the needs of our customers.<\/p>\t\t\t\t\t\t\t\t<\/div>\n\t\t\t\t<\/div>\n\t\t<div class=\"elementor-element elementor-element-9c3c9f8 e-con-full e-flex e-con e-child\" data-id=\"9c3c9f8\" data-element_type=\"container\" data-e-type=\"container\">\n\t\t\t\t<div class=\"elementor-element elementor-element-2113fd1 elementor-widget elementor-widget-image\" data-id=\"2113fd1\" data-element_type=\"widget\" data-e-type=\"widget\" data-widget_type=\"image.default\">\n\t\t\t\t\t\t\t\t\t\t\t\t\t\t\t<img fetchpriority=\"high\" decoding=\"async\" width=\"768\" height=\"1024\" src=\"https:\/\/www.mokamed.pl\/wp-content\/uploads\/2025\/07\/20200604_134943_resized-768x1024.jpg\" class=\"attachment-large size-large wp-image-488\" alt=\"Zdj\u0119cie przedstawia budynek w kt\u00f3rym mie\u015bci si\u0119 siedziba Sp\u00f3\u0142ki Comfortel\" srcset=\"https:\/\/www.mokamed.pl\/wp-content\/uploads\/2025\/07\/20200604_134943_resized-768x1024.jpg 768w, https:\/\/www.mokamed.pl\/wp-content\/uploads\/2025\/07\/20200604_134943_resized-225x300.jpg 225w, https:\/\/www.mokamed.pl\/wp-content\/uploads\/2025\/07\/20200604_134943_resized-1152x1536.jpg 1152w, https:\/\/www.mokamed.pl\/wp-content\/uploads\/2025\/07\/20200604_134943_resized.jpg 1440w\" sizes=\"(max-width: 768px) 100vw, 768px\" \/>\t\t\t\t\t\t\t\t\t\t\t\t\t\t\t<\/div>\n\t\t\t\t<div class=\"elementor-element elementor-element-87a73a2 elementor-absolute elementor-view-default elementor-widget elementor-widget-icon\" data-id=\"87a73a2\" data-element_type=\"widget\" data-e-type=\"widget\" data-settings=\"{&quot;_position&quot;:&quot;absolute&quot;}\" data-widget_type=\"icon.default\">\n\t\t\t\t\t\t\t<div class=\"elementor-icon-wrapper\">\n\t\t\t<div class=\"elementor-icon\">\n\t\t\t<svg xmlns=\"http:\/\/www.w3.org\/2000\/svg\" id=\"uuid-56248c65-2634-4f3c-9906-745c34f659f5\" width=\"54.3mm\" height=\"25.4mm\" viewBox=\"0 0 154 72\"><defs><style>.uuid-f1c0ca4b-0fcb-4c5b-938a-1ed065204764{fill:#04d9c4;}<\/style><\/defs><path class=\"uuid-f1c0ca4b-0fcb-4c5b-938a-1ed065204764\" d=\"M154,0c-9,0-17.5,2.2-25,6.1h0c-4.5,2.3-8.7,5.3-12.4,8.8-.2.1-.3.3-.5.4,0,0,0,0,0,0l-.7.7s0,0,0,0c-.1.1-.3.3-.4.4l-37.3,37.2h0s-7.3,7.3-7.3,7.3h0c-.2.2-.4.4-.6.6,0,0,0,0,0,0-6.5,6.3-15.4,10.2-25.2,10.2H0c8.8,0,17-2.3,24.3-6.1,4.8-2.5,9.3-5.8,13.1-9.6.1-.1.2-.2.4-.4l38-37.8,7.5-7.5c0,0,.2-.2.2-.2,6.5-6.4,15.5-10.4,25.4-10.4h45.1Z\"><\/path><\/svg>\t\t\t<\/div>\n\t\t<\/div>\n\t\t\t\t\t\t<\/div>\n\t\t\t\t<\/div>\n\t\t\t\t\t<\/div>\n\t\t\t\t<\/div>\n\t\t\t\t<\/div>\n\t\t","protected":false},"excerpt":{"rendered":"<p>About us The Moka system is currently undergoing certification as a medical device. We know what we&#8217;re doing. We have been operating on the market since 1994. By constantly following new trends and technological opportunities, we provide professional IT and telecommunications solutions for many sectors of the Polish economy, as well as public entities and [&hellip;]<\/p>\n","protected":false},"author":1,"featured_media":0,"parent":0,"menu_order":0,"comment_status":"closed","ping_status":"closed","template":"","meta":{"footnotes":""},"class_list":["post-487","page","type-page","status-publish","hentry"],"_links":{"self":[{"href":"https:\/\/www.mokamed.pl\/en\/wp-json\/wp\/v2\/pages\/487","targetHints":{"allow":["GET"]}}],"collection":[{"href":"https:\/\/www.mokamed.pl\/en\/wp-json\/wp\/v2\/pages"}],"about":[{"href":"https:\/\/www.mokamed.pl\/en\/wp-json\/wp\/v2\/types\/page"}],"author":[{"embeddable":true,"href":"https:\/\/www.mokamed.pl\/en\/wp-json\/wp\/v2\/users\/1"}],"replies":[{"embeddable":true,"href":"https:\/\/www.mokamed.pl\/en\/wp-json\/wp\/v2\/comments?post=487"}],"version-history":[{"count":0,"href":"https:\/\/www.mokamed.pl\/en\/wp-json\/wp\/v2\/pages\/487\/revisions"}],"wp:attachment":[{"href":"https:\/\/www.mokamed.pl\/en\/wp-json\/wp\/v2\/media?parent=487"}],"curies":[{"name":"wp","href":"https:\/\/api.w.org\/{rel}","templated":true}]}}